{"id":4889,"date":"2022-05-09T18:16:05","date_gmt":"2022-05-09T16:16:05","guid":{"rendered":"https:\/\/critair-france-vignette.com\/?page_id=4889"},"modified":"2022-06-21T20:58:31","modified_gmt":"2022-06-21T18:58:31","slug":"accueil-suede","status":"publish","type":"page","link":"https:\/\/critair-france-vignette.com\/sv\/","title":{"rendered":"Accueil &#8211; suede"},"content":{"rendered":"<div data-elementor-type=\"wp-page\" data-elementor-id=\"4889\" class=\"elementor elementor-4889\">\n\t\t\t\t\t\t<section class=\"elementor-section elementor-top-section elementor-element elementor-element-20630d1a elementor-section-boxed elementor-section-height-default elementor-section-height-default\" data-id=\"20630d1a\" data-element_type=\"section\">\n\t\t\t\t\t\t<div class=\"elementor-container elementor-column-gap-wider\">\n\t\t\t\t\t<div class=\"elementor-column elementor-col-100 elementor-top-column elementor-element elementor-element-62c6d79a\" data-id=\"62c6d79a\" data-element_type=\"column\">\n\t\t\t<div class=\"elementor-widget-wrap elementor-element-populated\">\n\t\t\t\t\t\t<div class=\"elementor-element elementor-element-32afe780 de_scroll_animation_no elementor-widget elementor-widget-heading\" data-id=\"32afe780\" data-element_type=\"widget\" data-widget_type=\"heading.default\">\n\t\t\t\t<div class=\"elementor-widget-container\">\n\t\t\t<div class=\"elementor-heading-title elementor-size-default\">Crit Air \u2013 Milj\u00f6plakett<\/div>\t\t<\/div>\n\t\t\t\t<\/div>\n\t\t\t\t<div class=\"elementor-element elementor-element-2c45677c de_scroll_animation_no elementor-widget elementor-widget-heading\" data-id=\"2c45677c\" data-element_type=\"widget\" data-widget_type=\"heading.default\">\n\t\t\t\t<div class=\"elementor-widget-container\">\n\t\t\t<h2 class=\"elementor-heading-title elementor-size-default\">Crit Air \u2013 Milj\u00f6plakett i Frankrike<\/h2>\t\t<\/div>\n\t\t\t\t<\/div>\n\t\t\t\t<div class=\"elementor-element elementor-element-7de28d5a de_scroll_animation_no elementor-widget elementor-widget-text-editor\" data-id=\"7de28d5a\" data-element_type=\"widget\" data-widget_type=\"text-editor.default\">\n\t\t\t\t<div class=\"elementor-widget-container\">\n\t\t\t\t\t\t\t<p>Best\u00e4ll din Crit\u2019Air-vinjett med bara n\u00e5gra klick.<\/p>\t\t\t\t\t\t<\/div>\n\t\t\t\t<\/div>\n\t\t\t\t<div class=\"elementor-element elementor-element-11bf44a elementor-mobile-align-center elementor-widget-mobile__width-inherit elementor-align-center de_scroll_animation_no elementor-widget elementor-widget-button\" data-id=\"11bf44a\" data-element_type=\"widget\" data-widget_type=\"button.default\">\n\t\t\t\t<div class=\"elementor-widget-container\">\n\t\t\t\t\t<div class=\"elementor-button-wrapper\">\n\t\t\t<a class=\"elementor-button elementor-button-link elementor-size-md elementor-animation-float\" href=\"https:\/\/critair-france-vignette.com\/sv\/product\/crit-air-miljoplakett-i-frankrike\/\">\n\t\t\t\t\t\t<span class=\"elementor-button-content-wrapper\">\n\t\t\t\t\t\t\t\t\t<span class=\"elementor-button-text\">BEST\u00c4LL NU<\/span>\n\t\t\t\t\t<\/span>\n\t\t\t\t\t<\/a>\n\t\t<\/div>\n\t\t\t\t<\/div>\n\t\t\t\t<\/div>\n\t\t\t\t\t<\/div>\n\t\t<\/div>\n\t\t\t\t\t<\/div>\n\t\t<\/section>\n\t\t\t\t<section class=\"elementor-section elementor-top-section elementor-element elementor-element-29631085 elementor-section-content-middle elementor-section-boxed elementor-section-height-default elementor-section-height-default\" data-id=\"29631085\" data-element_type=\"section\">\n\t\t\t\t\t\t<div class=\"elementor-container elementor-column-gap-wider\">\n\t\t\t\t\t<div class=\"elementor-column elementor-col-50 elementor-top-column elementor-element elementor-element-19fa3fcd\" data-id=\"19fa3fcd\" data-element_type=\"column\">\n\t\t\t<div class=\"elementor-widget-wrap elementor-element-populated\">\n\t\t\t\t\t\t<div class=\"elementor-element elementor-element-5dfc1829 elementor-widget__width-auto de_scroll_animation_no elementor-widget elementor-widget-image\" data-id=\"5dfc1829\" data-element_type=\"widget\" data-widget_type=\"image.default\">\n\t\t\t\t<div class=\"elementor-widget-container\">\n\t\t\t\t\t\t\t\t\t\t\t\t\t<img src=\"https:\/\/critair-france-vignette.com\/wp-content\/uploads\/2022\/05\/vignette-critair-1.png\" title=\"\" alt=\"\" loading=\"lazy\" \/>\t\t\t\t\t\t\t\t\t\t\t\t\t<\/div>\n\t\t\t\t<\/div>\n\t\t\t\t\t<\/div>\n\t\t<\/div>\n\t\t\t\t<div class=\"elementor-column elementor-col-50 elementor-top-column elementor-element elementor-element-5cd8bc0d\" data-id=\"5cd8bc0d\" data-element_type=\"column\">\n\t\t\t<div class=\"elementor-widget-wrap elementor-element-populated\">\n\t\t\t\t\t\t<div class=\"elementor-element elementor-element-3cffb242 de_scroll_animation_no elementor-widget elementor-widget-heading\" data-id=\"3cffb242\" data-element_type=\"widget\" data-widget_type=\"heading.default\">\n\t\t\t\t<div class=\"elementor-widget-container\">\n\t\t\t<div class=\"elementor-heading-title elementor-size-default\">Crit Air \u2013 Milj\u00f6plakett<\/div>\t\t<\/div>\n\t\t\t\t<\/div>\n\t\t\t\t<div class=\"elementor-element elementor-element-749d39e0 de_scroll_animation_no elementor-widget elementor-widget-heading\" data-id=\"749d39e0\" data-element_type=\"widget\" data-widget_type=\"heading.default\">\n\t\t\t\t<div class=\"elementor-widget-container\">\n\t\t\t<h3 class=\"elementor-heading-title elementor-size-default\">Best\u00e4ll Crit'air-vinjetten f\u00f6r att resa till Frankrike.<\/h3>\t\t<\/div>\n\t\t\t\t<\/div>\n\t\t\t\t<div class=\"elementor-element elementor-element-6bfa3cd4 de_scroll_animation_no elementor-widget elementor-widget-text-editor\" data-id=\"6bfa3cd4\" data-element_type=\"widget\" data-widget_type=\"text-editor.default\">\n\t\t\t\t<div class=\"elementor-widget-container\">\n\t\t\t\t\t\t\t<p>Milj\u00f6plaketten f\u00f6r Frankrike kan enkelt best\u00e4llas online, f\u00f6r bekymmersfri infart till centrum av Paris och andra st\u00e4der. Man beh\u00f6ver bara registreringsbeviset f\u00f6r sitt fordon (del I. eller del II.). Den franska milj\u00f6dekalen levereras med posten inom 14 dagar.\u00a0<\/p>\t\t\t\t\t\t<\/div>\n\t\t\t\t<\/div>\n\t\t\t\t<section class=\"elementor-section elementor-inner-section elementor-element elementor-element-4fb032b elementor-section-boxed elementor-section-height-default elementor-section-height-default\" data-id=\"4fb032b\" data-element_type=\"section\">\n\t\t\t\t\t\t<div class=\"elementor-container elementor-column-gap-default\">\n\t\t\t\t\t<div class=\"elementor-column elementor-col-50 elementor-inner-column elementor-element elementor-element-7b7cea9\" data-id=\"7b7cea9\" data-element_type=\"column\">\n\t\t\t<div class=\"elementor-widget-wrap elementor-element-populated\">\n\t\t\t\t\t\t<div class=\"elementor-element elementor-element-4831f369 elementor-widget__width-auto elementor-view-default de_scroll_animation_no elementor-widget elementor-widget-icon\" data-id=\"4831f369\" data-element_type=\"widget\" data-widget_type=\"icon.default\">\n\t\t\t\t<div class=\"elementor-widget-container\">\n\t\t\t\t\t<div class=\"elementor-icon-wrapper\">\n\t\t\t<div class=\"elementor-icon\">\n\t\t\t<i aria-hidden=\"true\" class=\"dticon dticon-checkbox-outline\"><\/i>\t\t\t<\/div>\n\t\t<\/div>\n\t\t\t\t<\/div>\n\t\t\t\t<\/div>\n\t\t\t\t\t<\/div>\n\t\t<\/div>\n\t\t\t\t<div class=\"elementor-column elementor-col-50 elementor-inner-column elementor-element elementor-element-3ade2dc2\" data-id=\"3ade2dc2\" data-element_type=\"column\">\n\t\t\t<div class=\"elementor-widget-wrap elementor-element-populated\">\n\t\t\t\t\t\t<div class=\"elementor-element elementor-element-6fa62f0c elementor-widget__width-auto de_scroll_animation_no elementor-widget elementor-widget-heading\" data-id=\"6fa62f0c\" data-element_type=\"widget\" data-widget_type=\"heading.default\">\n\t\t\t\t<div class=\"elementor-widget-container\">\n\t\t\t<h4 class=\"elementor-heading-title elementor-size-default\">G\u00e4ller i alla franska milj\u00f6zoner<\/h4>\t\t<\/div>\n\t\t\t\t<\/div>\n\t\t\t\t\t<\/div>\n\t\t<\/div>\n\t\t\t\t\t<\/div>\n\t\t<\/section>\n\t\t\t\t<section class=\"elementor-section elementor-inner-section elementor-element elementor-element-309497c6 elementor-section-boxed elementor-section-height-default elementor-section-height-default\" data-id=\"309497c6\" data-element_type=\"section\">\n\t\t\t\t\t\t<div class=\"elementor-container elementor-column-gap-default\">\n\t\t\t\t\t<div class=\"elementor-column elementor-col-50 elementor-inner-column elementor-element elementor-element-8953739\" data-id=\"8953739\" data-element_type=\"column\">\n\t\t\t<div class=\"elementor-widget-wrap elementor-element-populated\">\n\t\t\t\t\t\t<div class=\"elementor-element elementor-element-3b8c741d elementor-widget__width-auto elementor-view-default de_scroll_animation_no elementor-widget elementor-widget-icon\" data-id=\"3b8c741d\" data-element_type=\"widget\" data-widget_type=\"icon.default\">\n\t\t\t\t<div class=\"elementor-widget-container\">\n\t\t\t\t\t<div class=\"elementor-icon-wrapper\">\n\t\t\t<div class=\"elementor-icon\">\n\t\t\t<i aria-hidden=\"true\" class=\"dticon dticon-time-outline\"><\/i>\t\t\t<\/div>\n\t\t<\/div>\n\t\t\t\t<\/div>\n\t\t\t\t<\/div>\n\t\t\t\t\t<\/div>\n\t\t<\/div>\n\t\t\t\t<div class=\"elementor-column elementor-col-50 elementor-inner-column elementor-element elementor-element-2256be96\" data-id=\"2256be96\" data-element_type=\"column\">\n\t\t\t<div class=\"elementor-widget-wrap elementor-element-populated\">\n\t\t\t\t\t\t<div class=\"elementor-element elementor-element-60b23218 elementor-widget__width-auto de_scroll_animation_no elementor-widget elementor-widget-heading\" data-id=\"60b23218\" data-element_type=\"widget\" data-widget_type=\"heading.default\">\n\t\t\t\t<div class=\"elementor-widget-container\">\n\t\t\t<h4 class=\"elementor-heading-title elementor-size-default\">Enkel best\u00e4llning (24\/7)<\/h4>\t\t<\/div>\n\t\t\t\t<\/div>\n\t\t\t\t\t<\/div>\n\t\t<\/div>\n\t\t\t\t\t<\/div>\n\t\t<\/section>\n\t\t\t\t<section class=\"elementor-section elementor-inner-section elementor-element elementor-element-374c437 elementor-section-boxed elementor-section-height-default elementor-section-height-default\" data-id=\"374c437\" data-element_type=\"section\">\n\t\t\t\t\t\t<div class=\"elementor-container elementor-column-gap-default\">\n\t\t\t\t\t<div class=\"elementor-column elementor-col-50 elementor-inner-column elementor-element elementor-element-4da6270\" data-id=\"4da6270\" data-element_type=\"column\">\n\t\t\t<div class=\"elementor-widget-wrap elementor-element-populated\">\n\t\t\t\t\t\t<div class=\"elementor-element elementor-element-897a57e elementor-widget__width-auto elementor-view-default de_scroll_animation_no elementor-widget elementor-widget-icon\" data-id=\"897a57e\" data-element_type=\"widget\" data-widget_type=\"icon.default\">\n\t\t\t\t<div class=\"elementor-widget-container\">\n\t\t\t\t\t<div class=\"elementor-icon-wrapper\">\n\t\t\t<div class=\"elementor-icon\">\n\t\t\t<i aria-hidden=\"true\" class=\"dticon dticon-paper-plane-outline\"><\/i>\t\t\t<\/div>\n\t\t<\/div>\n\t\t\t\t<\/div>\n\t\t\t\t<\/div>\n\t\t\t\t\t<\/div>\n\t\t<\/div>\n\t\t\t\t<div class=\"elementor-column elementor-col-50 elementor-inner-column elementor-element elementor-element-f50d766\" data-id=\"f50d766\" data-element_type=\"column\">\n\t\t\t<div class=\"elementor-widget-wrap elementor-element-populated\">\n\t\t\t\t\t\t<div class=\"elementor-element elementor-element-b789ce6 elementor-widget__width-auto de_scroll_animation_no elementor-widget elementor-widget-heading\" data-id=\"b789ce6\" data-element_type=\"widget\" data-widget_type=\"heading.default\">\n\t\t\t\t<div class=\"elementor-widget-container\">\n\t\t\t<h4 class=\"elementor-heading-title elementor-size-default\">Frakten \u00e4r gratis.<\/h4>\t\t<\/div>\n\t\t\t\t<\/div>\n\t\t\t\t\t<\/div>\n\t\t<\/div>\n\t\t\t\t\t<\/div>\n\t\t<\/section>\n\t\t\t\t\t<\/div>\n\t\t<\/div>\n\t\t\t\t\t<\/div>\n\t\t<\/section>\n\t\t\t\t<section class=\"elementor-section elementor-top-section elementor-element elementor-element-bb81b88 elementor-section-full_width elementor-section-height-default elementor-section-height-default\" data-id=\"bb81b88\" data-element_type=\"section\">\n\t\t\t\t\t\t<div class=\"elementor-container elementor-column-gap-no\">\n\t\t\t\t\t<div class=\"elementor-column elementor-col-100 elementor-top-column elementor-element elementor-element-dbe8467\" data-id=\"dbe8467\" data-element_type=\"column\">\n\t\t\t<div class=\"elementor-widget-wrap elementor-element-populated\">\n\t\t\t\t\t\t<div class=\"elementor-element elementor-element-3e75fcb de_scroll_animation_no elementor-widget elementor-widget-copyright\" data-id=\"3e75fcb\" data-element_type=\"widget\" data-settings=\"{&quot;align_mobile&quot;:&quot;center&quot;,&quot;align&quot;:&quot;center&quot;}\" data-widget_type=\"copyright.default\">\n\t\t\t\t<div class=\"elementor-widget-container\">\n\t\t\t\t\t<div class=\"hfe-copyright-wrapper\">\n\t\t\t\t\t\t\t<span>\u00a9 2022. Alla r\u00e4ttigheter f\u00f6rbeh\u00e5llna.<\/span>\n\t\t\t\t\t<\/div>\n\t\t\t\t<\/div>\n\t\t\t\t<\/div>\n\t\t\t\t<div class=\"elementor-element elementor-element-0dd9bbd de_scroll_animation_no elementor-widget elementor-widget-text-editor\" data-id=\"0dd9bbd\" data-element_type=\"widget\" data-widget_type=\"text-editor.default\">\n\t\t\t\t<div class=\"elementor-widget-container\">\n\t\t\t\t\t\t\t<a style=\"color: #f36400;\" href=\"https:\/\/critair-france-vignette.com\/sv\/mentions-legales-et-conditions-generales-de-ventes-sv\/\">Villkor och \u00e5terbetalningar<\/a>\t\t\t\t\t\t<\/div>\n\t\t\t\t<\/div>\n\t\t\t\t\t<\/div>\n\t\t<\/div>\n\t\t\t\t\t<\/div>\n\t\t<\/section>\n\t\t\t\t<\/div>","protected":false},"excerpt":{"rendered":"<p>Crit Air \u2013 Milj\u00f6plakett Crit Air \u2013 Milj\u00f6plakett i Frankrike Best\u00e4ll din Crit\u2019Air-vinjett med bara n\u00e5gra klick. BEST\u00c4LL NU Crit Air \u2013 Milj\u00f6plakett Best\u00e4ll Crit&rsquo;air-vinjetten f\u00f6r att resa till Frankrike. Milj\u00f6plaketten f\u00f6r Frankrike kan enkelt best\u00e4llas online, f\u00f6r bekymmersfri infart till centrum av Paris och andra st\u00e4der. Man beh\u00f6ver bara registreringsbeviset f\u00f6r sitt fordon (del&hellip; <a class=\"more-link\" href=\"https:\/\/critair-france-vignette.com\/sv\/\">Forts\u00e4tt l\u00e4sa <span class=\"screen-reader-text\">Accueil &#8211; suede<\/span><\/a><\/p>","protected":false},"author":1,"featured_media":0,"parent":0,"menu_order":0,"comment_status":"closed","ping_status":"closed","template":"","meta":[],"yoast_head":"<!-- This site is optimized with the Yoast SEO plugin v19.0 - https:\/\/yoast.com\/wordpress\/plugins\/seo\/ -->\n<title>Accueil - suede - Vignette Crit&#039;Air<\/title>\n<meta name=\"robots\" content=\"index, follow, max-snippet:-1, max-image-preview:large, max-video-preview:-1\" \/>\n<link rel=\"canonical\" href=\"https:\/\/critair-france-vignette.com\/sv\/\" \/>\n<meta property=\"og:locale\" content=\"sv_SE\" \/>\n<meta property=\"og:type\" content=\"article\" \/>\n<meta property=\"og:title\" content=\"Accueil - suede - Vignette Crit&#039;Air\" \/>\n<meta property=\"og:description\" content=\"Crit Air \u2013 Milj\u00f6plakett Crit Air \u2013 Milj\u00f6plakett i Frankrike Best\u00e4ll din Crit\u2019Air-vinjett med bara n\u00e5gra klick. BEST\u00c4LL NU Crit Air \u2013 Milj\u00f6plakett Best\u00e4ll Crit&rsquo;air-vinjetten f\u00f6r att resa till Frankrike. Milj\u00f6plaketten f\u00f6r Frankrike kan enkelt best\u00e4llas online, f\u00f6r bekymmersfri infart till centrum av Paris och andra st\u00e4der. Man beh\u00f6ver bara registreringsbeviset f\u00f6r sitt fordon (del&hellip; Forts\u00e4tt l\u00e4sa Accueil &#8211; suede\" \/>\n<meta property=\"og:url\" content=\"https:\/\/critair-france-vignette.com\/sv\/\" \/>\n<meta property=\"og:site_name\" content=\"Vignette Crit&#039;Air\" \/>\n<meta property=\"article:modified_time\" content=\"2022-06-21T18:58:31+00:00\" \/>\n<meta property=\"og:image\" content=\"https:\/\/critair-france-vignette.com\/wp-content\/uploads\/2022\/05\/vignette-critair-1.png\" \/>\n<meta name=\"twitter:card\" content=\"summary_large_image\" \/>\n<meta name=\"twitter:label1\" content=\"Ber\u00e4knad l\u00e4stid\" \/>\n\t<meta name=\"twitter:data1\" content=\"1 minut\" \/>\n<script type=\"application\/ld+json\" class=\"yoast-schema-graph\">{\"@context\":\"https:\/\/schema.org\",\"@graph\":[{\"@type\":\"WebSite\",\"@id\":\"https:\/\/critair-france-vignette.com\/sv\/#website\",\"url\":\"https:\/\/critair-france-vignette.com\/sv\/\",\"name\":\"Vignette Crit&#039;Air\",\"description\":\"Un site utilisant WordPress\",\"potentialAction\":[{\"@type\":\"SearchAction\",\"target\":{\"@type\":\"EntryPoint\",\"urlTemplate\":\"https:\/\/critair-france-vignette.com\/sv\/?s={search_term_string}\"},\"query-input\":\"required name=search_term_string\"}],\"inLanguage\":\"sv-SE\"},{\"@type\":\"ImageObject\",\"inLanguage\":\"sv-SE\",\"@id\":\"https:\/\/critair-france-vignette.com\/sv\/#primaryimage\",\"url\":\"https:\/\/critair-france-vignette.com\/wp-content\/uploads\/2022\/05\/vignette-critair-1.png\",\"contentUrl\":\"https:\/\/critair-france-vignette.com\/wp-content\/uploads\/2022\/05\/vignette-critair-1.png\",\"width\":620,\"height\":349},{\"@type\":\"WebPage\",\"@id\":\"https:\/\/critair-france-vignette.com\/sv\/#webpage\",\"url\":\"https:\/\/critair-france-vignette.com\/sv\/\",\"name\":\"Accueil - suede - Vignette Crit&#039;Air\",\"isPartOf\":{\"@id\":\"https:\/\/critair-france-vignette.com\/sv\/#website\"},\"primaryImageOfPage\":{\"@id\":\"https:\/\/critair-france-vignette.com\/sv\/#primaryimage\"},\"datePublished\":\"2022-05-09T16:16:05+00:00\",\"dateModified\":\"2022-06-21T18:58:31+00:00\",\"breadcrumb\":{\"@id\":\"https:\/\/critair-france-vignette.com\/sv\/#breadcrumb\"},\"inLanguage\":\"sv-SE\",\"potentialAction\":[{\"@type\":\"ReadAction\",\"target\":[\"https:\/\/critair-france-vignette.com\/sv\/\"]}]},{\"@type\":\"BreadcrumbList\",\"@id\":\"https:\/\/critair-france-vignette.com\/sv\/#breadcrumb\",\"itemListElement\":[{\"@type\":\"ListItem\",\"position\":1,\"name\":\"Home\",\"item\":\"https:\/\/critair-france-vignette.com\/sv\/\"},{\"@type\":\"ListItem\",\"position\":2,\"name\":\"Home\"}]}]}<\/script>\n<!-- \/ Yoast SEO plugin. -->","yoast_head_json":{"title":"Accueil - suede - Vignette Crit&#039;Air","robots":{"index":"index","follow":"follow","max-snippet":"max-snippet:-1","max-image-preview":"max-image-preview:large","max-video-preview":"max-video-preview:-1"},"canonical":"https:\/\/critair-france-vignette.com\/sv\/","og_locale":"sv_SE","og_type":"article","og_title":"Accueil - suede - Vignette Crit&#039;Air","og_description":"Crit Air \u2013 Milj\u00f6plakett Crit Air \u2013 Milj\u00f6plakett i Frankrike Best\u00e4ll din Crit\u2019Air-vinjett med bara n\u00e5gra klick. BEST\u00c4LL NU Crit Air \u2013 Milj\u00f6plakett Best\u00e4ll Crit&rsquo;air-vinjetten f\u00f6r att resa till Frankrike. Milj\u00f6plaketten f\u00f6r Frankrike kan enkelt best\u00e4llas online, f\u00f6r bekymmersfri infart till centrum av Paris och andra st\u00e4der. Man beh\u00f6ver bara registreringsbeviset f\u00f6r sitt fordon (del&hellip; Forts\u00e4tt l\u00e4sa Accueil &#8211; suede","og_url":"https:\/\/critair-france-vignette.com\/sv\/","og_site_name":"Vignette Crit&#039;Air","article_modified_time":"2022-06-21T18:58:31+00:00","og_image":[{"url":"https:\/\/critair-france-vignette.com\/wp-content\/uploads\/2022\/05\/vignette-critair-1.png"}],"twitter_card":"summary_large_image","twitter_misc":{"Ber\u00e4knad l\u00e4stid":"1 minut"},"schema":{"@context":"https:\/\/schema.org","@graph":[{"@type":"WebSite","@id":"https:\/\/critair-france-vignette.com\/sv\/#website","url":"https:\/\/critair-france-vignette.com\/sv\/","name":"Vignette Crit&#039;Air","description":"Un site utilisant WordPress","potentialAction":[{"@type":"SearchAction","target":{"@type":"EntryPoint","urlTemplate":"https:\/\/critair-france-vignette.com\/sv\/?s={search_term_string}"},"query-input":"required name=search_term_string"}],"inLanguage":"sv-SE"},{"@type":"ImageObject","inLanguage":"sv-SE","@id":"https:\/\/critair-france-vignette.com\/sv\/#primaryimage","url":"https:\/\/critair-france-vignette.com\/wp-content\/uploads\/2022\/05\/vignette-critair-1.png","contentUrl":"https:\/\/critair-france-vignette.com\/wp-content\/uploads\/2022\/05\/vignette-critair-1.png","width":620,"height":349},{"@type":"WebPage","@id":"https:\/\/critair-france-vignette.com\/sv\/#webpage","url":"https:\/\/critair-france-vignette.com\/sv\/","name":"Accueil - suede - Vignette Crit&#039;Air","isPartOf":{"@id":"https:\/\/critair-france-vignette.com\/sv\/#website"},"primaryImageOfPage":{"@id":"https:\/\/critair-france-vignette.com\/sv\/#primaryimage"},"datePublished":"2022-05-09T16:16:05+00:00","dateModified":"2022-06-21T18:58:31+00:00","breadcrumb":{"@id":"https:\/\/critair-france-vignette.com\/sv\/#breadcrumb"},"inLanguage":"sv-SE","potentialAction":[{"@type":"ReadAction","target":["https:\/\/critair-france-vignette.com\/sv\/"]}]},{"@type":"BreadcrumbList","@id":"https:\/\/critair-france-vignette.com\/sv\/#breadcrumb","itemListElement":[{"@type":"ListItem","position":1,"name":"Home","item":"https:\/\/critair-france-vignette.com\/sv\/"},{"@type":"ListItem","position":2,"name":"Home"}]}]}},"lang":"sv","translations":{"sv":4889,"fi":4867,"pl":4835,"da":4826,"ro":4823,"nb":4808,"de":4797,"nl":1819,"en":4788,"fr":4579},"_links":{"self":[{"href":"https:\/\/critair-france-vignette.com\/sv\/wp-json\/wp\/v2\/pages\/4889"}],"collection":[{"href":"https:\/\/critair-france-vignette.com\/sv\/wp-json\/wp\/v2\/pages"}],"about":[{"href":"https:\/\/critair-france-vignette.com\/sv\/wp-json\/wp\/v2\/types\/page"}],"author":[{"embeddable":true,"href":"https:\/\/critair-france-vignette.com\/sv\/wp-json\/wp\/v2\/users\/1"}],"replies":[{"embeddable":true,"href":"https:\/\/critair-france-vignette.com\/sv\/wp-json\/wp\/v2\/comments?post=4889"}],"version-history":[{"count":31,"href":"https:\/\/critair-france-vignette.com\/sv\/wp-json\/wp\/v2\/pages\/4889\/revisions"}],"predecessor-version":[{"id":5595,"href":"https:\/\/critair-france-vignette.com\/sv\/wp-json\/wp\/v2\/pages\/4889\/revisions\/5595"}],"wp:attachment":[{"href":"https:\/\/critair-france-vignette.com\/sv\/wp-json\/wp\/v2\/media?parent=4889"}],"curies":[{"name":"wp","href":"https:\/\/api.w.org\/{rel}","templated":true}]}}