{"id":4970,"date":"2022-05-09T21:23:40","date_gmt":"2022-05-09T19:23:40","guid":{"rendered":"https:\/\/critair-france-vignette.com\/?page_id=4970"},"modified":"2022-06-01T20:16:40","modified_gmt":"2022-06-01T18:16:40","slug":"cart-fin","status":"publish","type":"page","link":"https:\/\/critair-france-vignette.com\/fi\/cart-fin\/","title":{"rendered":"Cart &#8211; fin"},"content":{"rendered":"<div data-elementor-type=\"wp-page\" data-elementor-id=\"4970\" class=\"elementor elementor-4970\">\n\t\t\t\t\t\t<section class=\"elementor-section elementor-top-section elementor-element elementor-element-27e057c3 elementor-section-boxed elementor-section-height-default elementor-section-height-default\" data-id=\"27e057c3\" data-element_type=\"section\">\n\t\t\t\t\t\t<div class=\"elementor-container elementor-column-gap-default\">\n\t\t\t\t\t<div class=\"elementor-column elementor-col-100 elementor-top-column elementor-element elementor-element-517b1a8b\" data-id=\"517b1a8b\" data-element_type=\"column\">\n\t\t\t<div class=\"elementor-widget-wrap elementor-element-populated\">\n\t\t\t\t\t\t<div class=\"elementor-element elementor-element-3dd49e92 de_scroll_animation_no elementor-widget elementor-widget-text-editor\" data-id=\"3dd49e92\" data-element_type=\"widget\" data-widget_type=\"text-editor.default\">\n\t\t\t\t<div class=\"elementor-widget-container\">\n\t\t\t\t\t\t\t<!-- wp:shortcode --><!-- \/wp:shortcode -->\t\t\t\t\t\t<\/div>\n\t\t\t\t<\/div>\n\t\t\t\t\t<\/div>\n\t\t<\/div>\n\t\t\t\t\t<\/div>\n\t\t<\/section>\n\t\t\t\t<section class=\"elementor-section elementor-top-section elementor-element elementor-element-ac9883e elementor-section-full_width elementor-section-height-default elementor-section-height-default\" data-id=\"ac9883e\" data-element_type=\"section\">\n\t\t\t\t\t\t<div class=\"elementor-container elementor-column-gap-no\">\n\t\t\t\t\t<div class=\"elementor-column elementor-col-100 elementor-top-column elementor-element elementor-element-0629882\" data-id=\"0629882\" data-element_type=\"column\">\n\t\t\t<div class=\"elementor-widget-wrap elementor-element-populated\">\n\t\t\t\t\t\t<div class=\"elementor-element elementor-element-afedc60 de_scroll_animation_no elementor-widget elementor-widget-copyright\" data-id=\"afedc60\" data-element_type=\"widget\" data-settings=\"{&quot;align_mobile&quot;:&quot;center&quot;,&quot;align&quot;:&quot;center&quot;}\" data-widget_type=\"copyright.default\">\n\t\t\t\t<div class=\"elementor-widget-container\">\n\t\t\t\t\t<div class=\"hfe-copyright-wrapper\">\n\t\t\t\t\t\t\t<span>\u00a9 2022. Kaikki oikeudet pid\u00e4tet\u00e4\u00e4n.<\/span>\n\t\t\t\t\t<\/div>\n\t\t\t\t<\/div>\n\t\t\t\t<\/div>\n\t\t\t\t<div class=\"elementor-element elementor-element-2131611 de_scroll_animation_no elementor-widget elementor-widget-text-editor\" data-id=\"2131611\" data-element_type=\"widget\" data-widget_type=\"text-editor.default\">\n\t\t\t\t<div class=\"elementor-widget-container\">\n\t\t\t\t\t\t\t<a style=\"color: #f36400;\" href=\"https:\/\/critair-france-vignette.com\/fi\/mentions-legales-et-conditions-generales-de-ventes-fl\/\">MK\u00e4ytt\u00f6ehdot ja korvausk\u00e4yt\u00e4nn\u00f6t<\/a>\t\t\t\t\t\t<\/div>\n\t\t\t\t<\/div>\n\t\t\t\t\t<\/div>\n\t\t<\/div>\n\t\t\t\t\t<\/div>\n\t\t<\/section>\n\t\t\t\t<\/div>","protected":false},"excerpt":{"rendered":"<p>\u00a9 2022. Kaikki oikeudet pid\u00e4tet\u00e4\u00e4n.MK\u00e4ytt\u00f6ehdot ja korvausk\u00e4yt\u00e4nn\u00f6t<\/p>","protected":false},"author":1,"featured_media":0,"parent":0,"menu_order":0,"comment_status":"closed","ping_status":"closed","template":"","meta":[],"yoast_head":"<!-- This site is optimized with the Yoast SEO plugin v19.0 - https:\/\/yoast.com\/wordpress\/plugins\/seo\/ -->\n<title>Cart - fin - Vignette Crit&#039;Air<\/title>\n<meta name=\"robots\" content=\"index, follow, max-snippet:-1, max-image-preview:large, max-video-preview:-1\" \/>\n<link rel=\"canonical\" href=\"https:\/\/critair-france-vignette.com\/fi\/cart-fin\/\" \/>\n<meta property=\"og:locale\" content=\"fi_FI\" \/>\n<meta property=\"og:type\" content=\"article\" \/>\n<meta property=\"og:title\" content=\"Cart - fin - Vignette Crit&#039;Air\" \/>\n<meta property=\"og:description\" content=\"\u00a9 2022. Kaikki oikeudet pid\u00e4tet\u00e4\u00e4n.MK\u00e4ytt\u00f6ehdot ja korvausk\u00e4yt\u00e4nn\u00f6t\" \/>\n<meta property=\"og:url\" content=\"https:\/\/critair-france-vignette.com\/fi\/cart-fin\/\" \/>\n<meta property=\"og:site_name\" content=\"Vignette Crit&#039;Air\" \/>\n<meta property=\"article:modified_time\" content=\"2022-06-01T18:16:40+00:00\" \/>\n<meta name=\"twitter:card\" content=\"summary_large_image\" \/>\n<meta name=\"twitter:label1\" content=\"Arvioitu lukuaika\" \/>\n\t<meta name=\"twitter:data1\" content=\"1 minuutti\" \/>\n<script type=\"application\/ld+json\" class=\"yoast-schema-graph\">{\"@context\":\"https:\/\/schema.org\",\"@graph\":[{\"@type\":\"WebSite\",\"@id\":\"https:\/\/critair-france-vignette.com\/fi\/#website\",\"url\":\"https:\/\/critair-france-vignette.com\/fi\/\",\"name\":\"Vignette Crit&#039;Air\",\"description\":\"Un site utilisant WordPress\",\"potentialAction\":[{\"@type\":\"SearchAction\",\"target\":{\"@type\":\"EntryPoint\",\"urlTemplate\":\"https:\/\/critair-france-vignette.com\/fi\/?s={search_term_string}\"},\"query-input\":\"required name=search_term_string\"}],\"inLanguage\":\"fi\"},{\"@type\":\"WebPage\",\"@id\":\"https:\/\/critair-france-vignette.com\/fi\/cart-fin\/#webpage\",\"url\":\"https:\/\/critair-france-vignette.com\/fi\/cart-fin\/\",\"name\":\"Cart - fin - Vignette Crit&#039;Air\",\"isPartOf\":{\"@id\":\"https:\/\/critair-france-vignette.com\/fi\/#website\"},\"datePublished\":\"2022-05-09T19:23:40+00:00\",\"dateModified\":\"2022-06-01T18:16:40+00:00\",\"breadcrumb\":{\"@id\":\"https:\/\/critair-france-vignette.com\/fi\/cart-fin\/#breadcrumb\"},\"inLanguage\":\"fi\",\"potentialAction\":[{\"@type\":\"ReadAction\",\"target\":[\"https:\/\/critair-france-vignette.com\/fi\/cart-fin\/\"]}]},{\"@type\":\"BreadcrumbList\",\"@id\":\"https:\/\/critair-france-vignette.com\/fi\/cart-fin\/#breadcrumb\",\"itemListElement\":[{\"@type\":\"ListItem\",\"position\":1,\"name\":\"Home\",\"item\":\"https:\/\/critair-france-vignette.com\/fi\/\"},{\"@type\":\"ListItem\",\"position\":2,\"name\":\"Cart &#8211; fin\"}]}]}<\/script>\n<!-- \/ Yoast SEO plugin. -->","yoast_head_json":{"title":"Cart - fin - Vignette Crit&#039;Air","robots":{"index":"index","follow":"follow","max-snippet":"max-snippet:-1","max-image-preview":"max-image-preview:large","max-video-preview":"max-video-preview:-1"},"canonical":"https:\/\/critair-france-vignette.com\/fi\/cart-fin\/","og_locale":"fi_FI","og_type":"article","og_title":"Cart - fin - Vignette Crit&#039;Air","og_description":"\u00a9 2022. Kaikki oikeudet pid\u00e4tet\u00e4\u00e4n.MK\u00e4ytt\u00f6ehdot ja korvausk\u00e4yt\u00e4nn\u00f6t","og_url":"https:\/\/critair-france-vignette.com\/fi\/cart-fin\/","og_site_name":"Vignette Crit&#039;Air","article_modified_time":"2022-06-01T18:16:40+00:00","twitter_card":"summary_large_image","twitter_misc":{"Arvioitu lukuaika":"1 minuutti"},"schema":{"@context":"https:\/\/schema.org","@graph":[{"@type":"WebSite","@id":"https:\/\/critair-france-vignette.com\/fi\/#website","url":"https:\/\/critair-france-vignette.com\/fi\/","name":"Vignette Crit&#039;Air","description":"Un site utilisant WordPress","potentialAction":[{"@type":"SearchAction","target":{"@type":"EntryPoint","urlTemplate":"https:\/\/critair-france-vignette.com\/fi\/?s={search_term_string}"},"query-input":"required name=search_term_string"}],"inLanguage":"fi"},{"@type":"WebPage","@id":"https:\/\/critair-france-vignette.com\/fi\/cart-fin\/#webpage","url":"https:\/\/critair-france-vignette.com\/fi\/cart-fin\/","name":"Cart - fin - Vignette Crit&#039;Air","isPartOf":{"@id":"https:\/\/critair-france-vignette.com\/fi\/#website"},"datePublished":"2022-05-09T19:23:40+00:00","dateModified":"2022-06-01T18:16:40+00:00","breadcrumb":{"@id":"https:\/\/critair-france-vignette.com\/fi\/cart-fin\/#breadcrumb"},"inLanguage":"fi","potentialAction":[{"@type":"ReadAction","target":["https:\/\/critair-france-vignette.com\/fi\/cart-fin\/"]}]},{"@type":"BreadcrumbList","@id":"https:\/\/critair-france-vignette.com\/fi\/cart-fin\/#breadcrumb","itemListElement":[{"@type":"ListItem","position":1,"name":"Home","item":"https:\/\/critair-france-vignette.com\/fi\/"},{"@type":"ListItem","position":2,"name":"Cart &#8211; fin"}]}]}},"lang":"fi","translations":{"fi":4970,"sv":4966,"da":4963,"pl":4960,"ro":4957,"nb":4952,"de":4951,"en":4949,"nl":3980,"fr":8},"_links":{"self":[{"href":"https:\/\/critair-france-vignette.com\/fi\/wp-json\/wp\/v2\/pages\/4970"}],"collection":[{"href":"https:\/\/critair-france-vignette.com\/fi\/wp-json\/wp\/v2\/pages"}],"about":[{"href":"https:\/\/critair-france-vignette.com\/fi\/wp-json\/wp\/v2\/types\/page"}],"author":[{"embeddable":true,"href":"https:\/\/critair-france-vignette.com\/fi\/wp-json\/wp\/v2\/users\/1"}],"replies":[{"embeddable":true,"href":"https:\/\/critair-france-vignette.com\/fi\/wp-json\/wp\/v2\/comments?post=4970"}],"version-history":[{"count":5,"href":"https:\/\/critair-france-vignette.com\/fi\/wp-json\/wp\/v2\/pages\/4970\/revisions"}],"predecessor-version":[{"id":5326,"href":"https:\/\/critair-france-vignette.com\/fi\/wp-json\/wp\/v2\/pages\/4970\/revisions\/5326"}],"wp:attachment":[{"href":"https:\/\/critair-france-vignette.com\/fi\/wp-json\/wp\/v2\/media?parent=4970"}],"curies":[{"name":"wp","href":"https:\/\/api.w.org\/{rel}","templated":true}]}}